{"id":767,"date":"2025-02-16T12:52:22","date_gmt":"2025-02-16T11:52:22","guid":{"rendered":"https:\/\/www.callfromistanbul.com\/index.php\/contact\/"},"modified":"2025-10-15T13:30:12","modified_gmt":"2025-10-15T11:30:12","slug":"kontakt","status":"publish","type":"page","link":"https:\/\/www.callfromistanbul.com\/en\/kontakt\/","title":{"rendered":"Contact"},"content":{"rendered":"<div class=\"wp-block-uagb-container uagb-block-e9d5c0a2 alignfull uagb-is-root-container\"><div class=\"uagb-container-inner-blocks-wrap\">\n<div class=\"wp-block-uagb-container uagb-block-366fd9b0 default uagb-is-root-container\">\n<div class=\"wp-block-uagb-container uagb-block-4b9f9acf\">\n<div class=\"wp-block-uagb-info-box uagb-block-a4f09815 uagb-infobox__content-wrap  uagb-infobox-icon-above-title uagb-infobox-image-valign-top wp-block-uagb-info-box--has-margin\"><div class=\"uagb-infobox-margin-wrapper\"><div class=\"uagb-ifb-content\"><div class=\"uagb-ifb-title-wrap\"><h2 class=\"uagb-ifb-title\">WhatsApp<\/h2><\/div><\/div><\/div><\/div>\n\n\n\n<div class=\"wp-block-uagb-advanced-heading uagb-block-7e963253\"><p class=\"uagb-desc-text\">+46720665588<\/p><\/div>\n\n\n\n<div class=\"wp-block-uagb-advanced-heading uagb-block-429a46aa\"><div class=\"uagb-heading-text\">Email<\/div><p class=\"uagb-desc-text\">contact@callfromistanbul.com<\/p><\/div>\n\n\n\n<div class=\"wp-block-uagb-advanced-heading uagb-block-49d0af13\"><\/div>\n\n\n\n<div class=\"wp-block-uagb-advanced-heading uagb-block-db696b63\"><div class=\"uagb-heading-text\">Follow us<\/div><\/div>\n\n\n\n<div class=\"wp-block-uagb-icon-list uagb-block-e3a1774f\"><div class=\"uagb-icon-list__wrap\">\n<div class=\"wp-block-uagb-icon-list-child uagb-block-5e915ed4\"><a target=\"_blank\" aria-label=\"List item\" rel=\"noopener noreferrer\" href=\"https:\/\/www.facebook.com\/CallFromIstanbul\/\"> <\/a><span class=\"uagb-icon-list__source-wrap\"><svg xmlns=\"https:\/\/www.w3.org\/2000\/svg\" viewbox=\"0 0 512 512\"><path d=\"M504 256C504 119 393 8 256 8S8 119 8 256c0 123.8 90.69 226.4 209.3 245V327.7h-63V256h63v-54.64c0-62.15 37-96.48 93.67-96.48 27.14 0 55.52 4.84 55.52 4.84v61h-31.28c-30.8 0-40.41 19.12-40.41 38.73V256h68.78l-11 71.69h-57.78V501C413.3 482.4 504 379.8 504 256z\"><\/path><\/svg><\/span><\/div>\n<\/div><\/div>\n<\/div>\n\n\n\n<div class=\"wp-block-uagb-container uagb-block-1caac63a\">\n<div class=\"wp-block-uagb-advanced-heading uagb-block-3f01047e\"><h3 class=\"uagb-heading-text\">Contact<\/h3><\/div>\n\n\n\n<div class=\"wpcf7 no-js\" id=\"wpcf7-f1747-o1\" lang=\"sv-SE\" dir=\"ltr\" data-wpcf7-id=\"1747\">\n<div class=\"screen-reader-response\"><p role=\"status\" aria-live=\"polite\" aria-atomic=\"true\"><\/p> <ul><\/ul><\/div>\n<form action=\"\/en\/wp-json\/wp\/v2\/pages\/767#wpcf7-f1747-o1\" method=\"post\" class=\"wpcf7-form init\" aria-label=\"Kontaktformul\u00e4r\" novalidate=\"novalidate\" data-status=\"init\" data-trp-original-action=\"\/en\/wp-json\/wp\/v2\/pages\/767#wpcf7-f1747-o1\">\n<fieldset class=\"hidden-fields-container\"><input type=\"hidden\" name=\"_wpcf7\" value=\"1747\" \/><input type=\"hidden\" name=\"_wpcf7_version\" value=\"6.1.5\" \/><input type=\"hidden\" name=\"_wpcf7_locale\" value=\"sv_SE\" \/><input type=\"hidden\" name=\"_wpcf7_unit_tag\" value=\"wpcf7-f1747-o1\" \/><input type=\"hidden\" name=\"_wpcf7_container_post\" value=\"0\" \/><input type=\"hidden\" name=\"_wpcf7_posted_data_hash\" value=\"\" \/><input type=\"hidden\" name=\"_wpcf7_recaptcha_response\" value=\"\" \/>\n<\/fieldset>\n<p><label> Name<br \/>\n<span class=\"wpcf7-form-control-wrap\" data-name=\"your-name\"><input size=\"40\" maxlength=\"400\" class=\"wpcf7-form-control wpcf7-text wpcf7-validates-as-required\" autocomplete=\"name\" aria-required=\"true\" aria-invalid=\"false\" value=\"\" type=\"text\" name=\"your-name\" \/><\/span> <\/label><br \/>\n<span id=\"wpcf7-69f425065b1dc-wrapper\" class=\"wpcf7-form-control-wrap honeypot-123-wrap\" style=\"display:none !important; visibility:hidden !important;\"><label for=\"wpcf7-69f425065b1dc-field\" class=\"hp-message\">L\u00e4mna detta f\u00e4lt tomt.<\/label><input id=\"wpcf7-69f425065b1dc-field\"  class=\"wpcf7-form-control wpcf7-text\" type=\"text\" name=\"honeypot-123\" value=\"\" size=\"40\" tabindex=\"-1\" autocomplete=\"new-password\" \/><\/span>\n<\/p>\n<p><label> Your email<br \/>\n<span class=\"wpcf7-form-control-wrap\" data-name=\"your-email\"><input size=\"40\" maxlength=\"400\" class=\"wpcf7-form-control wpcf7-email wpcf7-validates-as-required wpcf7-text wpcf7-validates-as-email\" autocomplete=\"email\" aria-required=\"true\" aria-invalid=\"false\" value=\"\" type=\"email\" name=\"your-email\" \/><\/span> <\/label>\n<\/p>\n<p><label> Subject<br \/>\n<span class=\"wpcf7-form-control-wrap\" data-name=\"your-subject\"><input size=\"40\" maxlength=\"400\" class=\"wpcf7-form-control wpcf7-text wpcf7-validates-as-required\" aria-required=\"true\" aria-invalid=\"false\" value=\"\" type=\"text\" name=\"your-subject\" \/><\/span> <\/label>\n<\/p>\n<p><label> Your inquiry<br \/>\n<span class=\"wpcf7-form-control-wrap\" data-name=\"your-message\"><textarea cols=\"40\" rows=\"10\" maxlength=\"2000\" class=\"wpcf7-form-control wpcf7-textarea\" aria-invalid=\"false\" name=\"your-message\"><\/textarea><\/span> <\/label>\n<\/p>\n<p><label> Design your own tour <\/label>\n<\/p>\n<p><span class=\"wpcf7-form-control-wrap\" data-name=\"checkbox-917\"><span class=\"wpcf7-form-control wpcf7-checkbox\"><span class=\"wpcf7-list-item first\"><label><input type=\"checkbox\" name=\"checkbox-917[]\" value=\"Transfer fr\u00e5n &amp; till flygplats\" \/><span class=\"wpcf7-list-item-label\">Airport pick up and drop off<\/span><\/label><\/span><span class=\"wpcf7-list-item\"><label><input type=\"checkbox\" name=\"checkbox-917[]\" value=\"Hagia Sofia &amp; Topkapi-palats\" \/><span class=\"wpcf7-list-item-label\">Hagia Sophia and Topkapi Palace<\/span><\/label><\/span><span class=\"wpcf7-list-item\"><label><input type=\"checkbox\" name=\"checkbox-917[]\" value=\"Bl\u00e5 mosk\u00e9n (Sultanahmet-mosk\u00e9n)\" \/><span class=\"wpcf7-list-item-label\">Blue Mosque (Sultanahmet Mosque)<\/span><\/label><\/span><span class=\"wpcf7-list-item\"><label><input type=\"checkbox\" name=\"checkbox-917[]\" value=\"B\u00e5ttur p\u00e5 Bosporen + Galata-tornet\" \/><span class=\"wpcf7-list-item-label\">Boat tour on the Bosphorus and Galata Tower<\/span><\/label><\/span><span class=\"wpcf7-list-item\"><label><input type=\"checkbox\" name=\"checkbox-917[]\" value=\"Traditionell turkisk hamam\" \/><span class=\"wpcf7-list-item-label\">Traditional Turkish hamam<\/span><\/label><\/span><span class=\"wpcf7-list-item\"><label><input type=\"checkbox\" name=\"checkbox-917[]\" value=\"Takrestaurang i Sultanahmet omr\u00e5det\" \/><span class=\"wpcf7-list-item-label\">Rooftop restaurant in the Sultanahmet area<\/span><\/label><\/span><span class=\"wpcf7-list-item\"><label><input type=\"checkbox\" name=\"checkbox-917[]\" value=\"Grand Bazaar\" \/><span class=\"wpcf7-list-item-label\">Grand Bazaar<\/span><\/label><\/span><span class=\"wpcf7-list-item\"><label><input type=\"checkbox\" name=\"checkbox-917[]\" value=\"Bes\u00f6k vid Basilica Cisternen\" \/><span class=\"wpcf7-list-item-label\">Visit to the Basilica Cistern<\/span><\/label><\/span><span class=\"wpcf7-list-item last\"><label><input type=\"checkbox\" name=\"checkbox-917[]\" value=\"Shopping vid Istiklal-gatan\" \/><span class=\"wpcf7-list-item-label\">Shopping on Istiklal Street<\/span><\/label><\/span><\/span><\/span>\n<\/p>\n\n<p><input class=\"wpcf7-form-control wpcf7-submit has-spinner\" type=\"submit\" value=\"Send\" \/>\n<\/p><p style=\"display: none !important;\" class=\"akismet-fields-container\" data-prefix=\"_wpcf7_ak_\"><label>&#916;<textarea name=\"_wpcf7_ak_hp_textarea\" cols=\"45\" rows=\"8\" maxlength=\"100\"><\/textarea><\/label><input type=\"hidden\" id=\"ak_js_1\" name=\"_wpcf7_ak_js\" value=\"22\"\/><script>\ndocument.getElementById( \"ak_js_1\" ).setAttribute( \"value\", ( new Date() ).getTime() );\n<\/script>\n<\/p><div class=\"wpcf7-response-output\" aria-hidden=\"true\"><\/div>\n<input type=\"hidden\" name=\"trp-form-language\" value=\"en\"\/><\/form>\n<\/div>\n\n<\/div>\n<\/div>\n<\/div><\/div>\n\n\n\n<p><\/p>","protected":false},"excerpt":{"rendered":"<p>+46720665588 E-post contact@callfromistanbul.com F\u00f6lj oss Kontakta oss<\/p>","protected":false},"author":1,"featured_media":0,"parent":0,"menu_order":0,"comment_status":"closed","ping_status":"closed","template":"","meta":{"_uag_custom_page_level_css":"","_monsterinsights_skip_tracking":false,"_monsterinsights_sitenote_active":false,"_monsterinsights_sitenote_note":"","_monsterinsights_sitenote_category":0,"site-sidebar-layout":"no-sidebar","site-content-layout":"plain-container","ast-site-content-layout":"full-width-container","site-content-style":"unboxed","site-sidebar-style":"unboxed","ast-global-header-display":"","ast-banner-title-visibility":"","ast-main-header-display":"","ast-hfb-above-header-display":"","ast-hfb-below-header-display":"","ast-hfb-mobile-header-display":"","site-post-title":"disabled","ast-breadcrumbs-content":"","ast-featured-img":"","footer-sml-layout":"","theme-transparent-header-meta":"default","adv-header-id-meta":"","stick-header-meta":"","header-above-stick-meta":"","header-main-stick-meta":"","header-below-stick-meta":"","astra-migrate-meta-layouts":"set","ast-page-background-enabled":"default","ast-page-background-meta":{"desktop":{"background-color":"var(--ast-global-color-4)","background-image":"","background-repeat":"repeat","background-position":"center center","background-size":"auto","background-attachment":"scroll","background-type":"","background-media":"","overlay-type":"","overlay-color":"","overlay-opacity":"","overlay-gradient":""},"tablet":{"background-color":"","background-image":"","background-repeat":"repeat","background-position":"center center","background-size":"auto","background-attachment":"scroll","background-type":"","background-media":"","overlay-type":"","overlay-color":"","overlay-opacity":"","overlay-gradient":""},"mobile":{"background-color":"","background-image":"","background-repeat":"repeat","background-position":"center center","background-size":"auto","background-attachment":"scroll","background-type":"","background-media":"","overlay-type":"","overlay-color":"","overlay-opacity":"","overlay-gradient":""}},"ast-content-background-meta":{"desktop":{"background-color":"var(--ast-global-color-5)","background-image":"","background-repeat":"repeat","background-position":"center center","background-size":"auto","background-attachment":"scroll","background-type":"","background-media":"","overlay-type":"","overlay-color":"","overlay-opacity":"","overlay-gradient":""},"tablet":{"background-color":"var(--ast-global-color-5)","background-image":"","background-repeat":"repeat","background-position":"center center","background-size":"auto","background-attachment":"scroll","background-type":"","background-media":"","overlay-type":"","overlay-color":"","overlay-opacity":"","overlay-gradient":""},"mobile":{"background-color":"var(--ast-global-color-5)","background-image":"","background-repeat":"repeat","background-position":"center center","background-size":"auto","background-attachment":"scroll","background-type":"","background-media":"","overlay-type":"","overlay-color":"","overlay-opacity":"","overlay-gradient":""}},"footnotes":""},"class_list":["post-767","page","type-page","status-publish","hentry"],"yoast_head":"<!-- This site is optimized with the Yoast SEO plugin v27.5 - https:\/\/yoast.com\/product\/yoast-seo-wordpress\/ -->\n<title>Kontakt - CallFromIstanbul<\/title>\n<meta name=\"description\" content=\"Guidad tur Istanbul, sightseeing, historiska sev\u00e4rdheter, kultur, basarer, stadsvandring, privata turer, matupplevelser, skr\u00e4ddarsydda rundturer. Boka din upplevelse idag\" \/>\n<meta name=\"robots\" content=\"index, follow, max-snippet:-1, max-image-preview:large, max-video-preview:-1\" \/>\n<link rel=\"canonical\" href=\"https:\/\/www.callfromistanbul.com\/en\/kontakt\/\" \/>\n<meta property=\"og:locale\" content=\"en_GB\" \/>\n<meta property=\"og:type\" content=\"article\" \/>\n<meta property=\"og:title\" content=\"Kontakt - CallFromIstanbul\" \/>\n<meta property=\"og:description\" content=\"Guidad tur Istanbul, sightseeing, historiska sev\u00e4rdheter, kultur, basarer, stadsvandring, privata turer, matupplevelser, skr\u00e4ddarsydda rundturer. Boka din upplevelse idag\" \/>\n<meta property=\"og:url\" content=\"https:\/\/www.callfromistanbul.com\/en\/kontakt\/\" \/>\n<meta property=\"og:site_name\" content=\"CallFromIstanbul\" \/>\n<meta property=\"article:modified_time\" content=\"2025-10-15T11:30:12+00:00\" \/>\n<meta name=\"twitter:card\" content=\"summary_large_image\" \/>\n<meta name=\"twitter:label1\" content=\"Estimated reading time\" \/>\n\t<meta name=\"twitter:data1\" content=\"1 minute\" \/>\n<script type=\"application\/ld+json\" class=\"yoast-schema-graph\">{\"@context\":\"https:\\\/\\\/schema.org\",\"@graph\":[{\"@type\":\"WebPage\",\"@id\":\"https:\\\/\\\/www.callfromistanbul.com\\\/kontakt\\\/\",\"url\":\"https:\\\/\\\/www.callfromistanbul.com\\\/kontakt\\\/\",\"name\":\"Kontakt - CallFromIstanbul\",\"isPartOf\":{\"@id\":\"https:\\\/\\\/www.callfromistanbul.com\\\/#website\"},\"datePublished\":\"2025-02-16T11:52:22+00:00\",\"dateModified\":\"2025-10-15T11:30:12+00:00\",\"description\":\"Guidad tur Istanbul, sightseeing, historiska sev\u00e4rdheter, kultur, basarer, stadsvandring, privata turer, matupplevelser, skr\u00e4ddarsydda rundturer. Boka din upplevelse idag\",\"breadcrumb\":{\"@id\":\"https:\\\/\\\/www.callfromistanbul.com\\\/kontakt\\\/#breadcrumb\"},\"inLanguage\":\"en-GB\",\"potentialAction\":[{\"@type\":\"ReadAction\",\"target\":[\"https:\\\/\\\/www.callfromistanbul.com\\\/kontakt\\\/\"]}]},{\"@type\":\"BreadcrumbList\",\"@id\":\"https:\\\/\\\/www.callfromistanbul.com\\\/kontakt\\\/#breadcrumb\",\"itemListElement\":[{\"@type\":\"ListItem\",\"position\":1,\"name\":\"Hem\",\"item\":\"https:\\\/\\\/www.callfromistanbul.com\\\/\"},{\"@type\":\"ListItem\",\"position\":2,\"name\":\"Kontakt\"}]},{\"@type\":\"WebSite\",\"@id\":\"https:\\\/\\\/www.callfromistanbul.com\\\/#website\",\"url\":\"https:\\\/\\\/www.callfromistanbul.com\\\/\",\"name\":\"CallFromIstanbul\",\"description\":\"\",\"potentialAction\":[{\"@type\":\"SearchAction\",\"target\":{\"@type\":\"EntryPoint\",\"urlTemplate\":\"https:\\\/\\\/www.callfromistanbul.com\\\/?s={search_term_string}\"},\"query-input\":{\"@type\":\"PropertyValueSpecification\",\"valueRequired\":true,\"valueName\":\"search_term_string\"}}],\"inLanguage\":\"en-GB\"}]}<\/script>\n<!-- \/ Yoast SEO plugin. -->","yoast_head_json":{"title":"Kontakt - CallFromIstanbul","description":"Guidad tur Istanbul, sightseeing, historiska sev\u00e4rdheter, kultur, basarer, stadsvandring, privata turer, matupplevelser, skr\u00e4ddarsydda rundturer. Boka din upplevelse idag","robots":{"index":"index","follow":"follow","max-snippet":"max-snippet:-1","max-image-preview":"max-image-preview:large","max-video-preview":"max-video-preview:-1"},"canonical":"https:\/\/www.callfromistanbul.com\/en\/kontakt\/","og_locale":"en_GB","og_type":"article","og_title":"Kontakt - CallFromIstanbul","og_description":"Guidad tur Istanbul, sightseeing, historiska sev\u00e4rdheter, kultur, basarer, stadsvandring, privata turer, matupplevelser, skr\u00e4ddarsydda rundturer. Boka din upplevelse idag","og_url":"https:\/\/www.callfromistanbul.com\/en\/kontakt\/","og_site_name":"CallFromIstanbul","article_modified_time":"2025-10-15T11:30:12+00:00","twitter_card":"summary_large_image","twitter_misc":{"Estimated reading time":"1 minute"},"schema":{"@context":"https:\/\/schema.org","@graph":[{"@type":"WebPage","@id":"https:\/\/www.callfromistanbul.com\/kontakt\/","url":"https:\/\/www.callfromistanbul.com\/kontakt\/","name":"Kontakt - CallFromIstanbul","isPartOf":{"@id":"https:\/\/www.callfromistanbul.com\/#website"},"datePublished":"2025-02-16T11:52:22+00:00","dateModified":"2025-10-15T11:30:12+00:00","description":"Guidad tur Istanbul, sightseeing, historiska sev\u00e4rdheter, kultur, basarer, stadsvandring, privata turer, matupplevelser, skr\u00e4ddarsydda rundturer. Boka din upplevelse idag","breadcrumb":{"@id":"https:\/\/www.callfromistanbul.com\/kontakt\/#breadcrumb"},"inLanguage":"en-GB","potentialAction":[{"@type":"ReadAction","target":["https:\/\/www.callfromistanbul.com\/kontakt\/"]}]},{"@type":"BreadcrumbList","@id":"https:\/\/www.callfromistanbul.com\/kontakt\/#breadcrumb","itemListElement":[{"@type":"ListItem","position":1,"name":"Hem","item":"https:\/\/www.callfromistanbul.com\/"},{"@type":"ListItem","position":2,"name":"Kontakt"}]},{"@type":"WebSite","@id":"https:\/\/www.callfromistanbul.com\/#website","url":"https:\/\/www.callfromistanbul.com\/","name":"CallFromIstanbul","description":"","potentialAction":[{"@type":"SearchAction","target":{"@type":"EntryPoint","urlTemplate":"https:\/\/www.callfromistanbul.com\/?s={search_term_string}"},"query-input":{"@type":"PropertyValueSpecification","valueRequired":true,"valueName":"search_term_string"}}],"inLanguage":"en-GB"}]}},"uagb_featured_image_src":{"full":false,"thumbnail":false,"medium":false,"medium_large":false,"large":false,"1536x1536":false,"2048x2048":false,"trp-custom-language-flag":false},"uagb_author_info":{"display_name":"admin","author_link":"https:\/\/www.callfromistanbul.com\/en\/author\/admin\/"},"uagb_comment_info":0,"uagb_excerpt":"+46720665588 E-post contact@callfromistanbul.com F\u00f6lj oss Kontakta oss","jetpack_sharing_enabled":true,"jetpack_likes_enabled":true,"_links":{"self":[{"href":"https:\/\/www.callfromistanbul.com\/en\/wp-json\/wp\/v2\/pages\/767","targetHints":{"allow":["GET"]}}],"collection":[{"href":"https:\/\/www.callfromistanbul.com\/en\/wp-json\/wp\/v2\/pages"}],"about":[{"href":"https:\/\/www.callfromistanbul.com\/en\/wp-json\/wp\/v2\/types\/page"}],"author":[{"embeddable":true,"href":"https:\/\/www.callfromistanbul.com\/en\/wp-json\/wp\/v2\/users\/1"}],"replies":[{"embeddable":true,"href":"https:\/\/www.callfromistanbul.com\/en\/wp-json\/wp\/v2\/comments?post=767"}],"version-history":[{"count":38,"href":"https:\/\/www.callfromistanbul.com\/en\/wp-json\/wp\/v2\/pages\/767\/revisions"}],"predecessor-version":[{"id":1751,"href":"https:\/\/www.callfromistanbul.com\/en\/wp-json\/wp\/v2\/pages\/767\/revisions\/1751"}],"wp:attachment":[{"href":"https:\/\/www.callfromistanbul.com\/en\/wp-json\/wp\/v2\/media?parent=767"}],"curies":[{"name":"wp","href":"https:\/\/api.w.org\/{rel}","templated":true}]}}