{"id":766,"date":"2025-02-16T12:52:21","date_gmt":"2025-02-16T11:52:21","guid":{"rendered":"https:\/\/www.callfromistanbul.com\/index.php\/about\/"},"modified":"2025-10-12T12:08:48","modified_gmt":"2025-10-12T10:08:48","slug":"about","status":"publish","type":"page","link":"https:\/\/www.callfromistanbul.com\/en\/about\/","title":{"rendered":"About Us"},"content":{"rendered":"<div class=\"wp-block-uagb-container uagb-block-a58faccc alignfull uagb-is-root-container\"><div class=\"uagb-container-inner-blocks-wrap\">\n<div class=\"wp-block-uagb-info-box uagb-block-b2a96c0d uagb-infobox__content-wrap  uagb-infobox-icon-above-title uagb-infobox-image-valign-top wp-block-uagb-info-box--has-margin\"><div class=\"uagb-infobox-margin-wrapper\"><div class=\"uagb-ifb-content\"><div class=\"uagb-ifb-title-wrap\"><h6 class=\"uagb-ifb-title-prefix\"><br><br>\u00c7a\u011fla \u2013 your guide in Istanbul<\/h6><\/div><\/div><\/div><\/div>\n\n\n\n<p>In my free time, I enjoy gathering with friends over a cup of coffee where we share conversations and laughter. The moments I spend with my family and our cats here in Istanbul mean a lot to me. Our garden, a green oasis in the heart of the city's hustle, is a place where I find both strength and joy, and it is also the subject of a book I had the opportunity to write, focusing on urban gardening.<\/p>\n\n\n\n<div class=\"wp-block-uagb-container uagb-block-69cc4efa default uagb-is-root-container\">\n<div class=\"wp-block-uagb-container uagb-block-e8b54f12\">\n<div class=\"wp-block-uagb-advanced-heading uagb-block-e0d64116\"><p class=\"uagb-desc-text\">We have had the honor of serving many international clients, including companies, travel groups and families, all seeking unique and memorable tours to truly experience Istanbul.<\/p><\/div>\n\n\n\n<div class=\"wp-block-uagb-advanced-heading uagb-block-d27b183d\"><p class=\"uagb-desc-text\"> We organize a variety of experiences, such as spa weekends, Christmas shopping, or bachelor parties, just to name a few. Our clients decide whether they want several days or just one day of guided tours. Everything is possible!<\/p><\/div>\n<\/div>\n\n\n\n<figure class=\"wp-block-image size-large\"><img loading=\"lazy\" decoding=\"async\" width=\"1024\" height=\"970\" src=\"https:\/\/www.callfromistanbul.com\/wp-content\/uploads\/2025\/07\/IMAG3019-1024x970.jpg\" alt=\"\" class=\"wp-image-1504\" style=\"aspect-ratio:1;object-fit:cover\" srcset=\"https:\/\/www.callfromistanbul.com\/wp-content\/uploads\/2025\/07\/IMAG3019-1024x970.jpg 1024w, https:\/\/www.callfromistanbul.com\/wp-content\/uploads\/2025\/07\/IMAG3019-300x284.jpg 300w, https:\/\/www.callfromistanbul.com\/wp-content\/uploads\/2025\/07\/IMAG3019-768x728.jpg 768w, https:\/\/www.callfromistanbul.com\/wp-content\/uploads\/2025\/07\/IMAG3019-1536x1455.jpg 1536w, https:\/\/www.callfromistanbul.com\/wp-content\/uploads\/2025\/07\/IMAG3019-2048x1940.jpg 2048w\" sizes=\"auto, (max-width: 1024px) 100vw, 1024px\" \/><\/figure>\n\n\n\n<blockquote class=\"wp-block-quote is-layout-flow wp-block-quote-is-layout-flow\">\n<p><strong>With a passion for Istanbul<\/strong><br>\u2013 <em>\u00c7a\u011fla \u00d6ztek<\/em><\/p>\n<\/blockquote>\n<\/div>\n<\/div><\/div>\n\n\n\n<div class=\"wp-block-uagb-separator uagb-block-c0cf630d\"><div class=\"wp-block-uagb-separator__inner\" style=\"--my-background-image:\"><\/div><\/div>\n\n\n\n<div class=\"wp-block-uagb-container uagb-block-5925fce8 alignfull uagb-is-root-container\"><div class=\"uagb-container-inner-blocks-wrap\">\n<div class=\"wp-block-group is-content-justification-center is-nowrap is-layout-flex wp-container-core-group-is-layout-9193781b wp-block-group-is-layout-flex\">\n<figure class=\"wp-block-image size-medium\"><img loading=\"lazy\" decoding=\"async\" width=\"200\" height=\"300\" src=\"https:\/\/www.callfromistanbul.com\/wp-content\/uploads\/2025\/10\/pexels-photo-3290071-3290071-200x300.jpg\" alt=\"A hand holds an illustrated scene of Istanbul with flying seagulls in the background.\" class=\"wp-image-1725\" srcset=\"https:\/\/www.callfromistanbul.com\/wp-content\/uploads\/2025\/10\/pexels-photo-3290071-3290071-200x300.jpg 200w, https:\/\/www.callfromistanbul.com\/wp-content\/uploads\/2025\/10\/pexels-photo-3290071-3290071-683x1024.jpg 683w, https:\/\/www.callfromistanbul.com\/wp-content\/uploads\/2025\/10\/pexels-photo-3290071-3290071-768x1152.jpg 768w, https:\/\/www.callfromistanbul.com\/wp-content\/uploads\/2025\/10\/pexels-photo-3290071-3290071-1024x1536.jpg 1024w, https:\/\/www.callfromistanbul.com\/wp-content\/uploads\/2025\/10\/pexels-photo-3290071-3290071-1366x2048.jpg 1366w, https:\/\/www.callfromistanbul.com\/wp-content\/uploads\/2025\/10\/pexels-photo-3290071-3290071-8x12.jpg 8w, https:\/\/www.callfromistanbul.com\/wp-content\/uploads\/2025\/10\/pexels-photo-3290071-3290071.jpg 1707w\" sizes=\"auto, (max-width: 200px) 100vw, 200px\" \/><\/figure>\n\n\n\n<div class=\"wp-block-uagb-container uagb-block-5688c494\">\n<div class=\"wp-block-uagb-advanced-heading uagb-block-c6af792b\"><h3 class=\"uagb-heading-text\">\u201cYour own Istanbul\u201d<\/h3><\/div>\n\n\n\n<div class=\"wp-block-uagb-icon-list uagb-block-66633acc\"><div class=\"uagb-icon-list__wrap\">\n<div class=\"wp-block-uagb-icon-list-child uagb-block-633e29a3\"><span class=\"uagb-icon-list__source-wrap\"><svg xmlns=\"https:\/\/www.w3.org\/2000\/svg\" viewbox=\"0 0 512 512\"><path d=\"M256 0C114.6 0 0 114.6 0 256c0 141.4 114.6 256 256 256s256-114.6 256-256C512 114.6 397.4 0 256 0zM406.6 278.6l-103.1 103.1c-12.5 12.5-32.75 12.5-45.25 0s-12.5-32.75 0-45.25L306.8 288H128C110.3 288 96 273.7 96 256s14.31-32 32-32h178.8l-49.38-49.38c-12.5-12.5-12.5-32.75 0-45.25s32.75-12.5 45.25 0l103.1 103.1C414.6 241.3 416 251.1 416 256C416 260.9 414.6 270.7 406.6 278.6z\"><\/path><\/svg><\/span><span class=\"uagb-icon-list__label\">Personalized tours<\/span><\/div>\n\n\n\n<div class=\"wp-block-uagb-icon-list-child uagb-block-a130baab\"><span class=\"uagb-icon-list__source-wrap\"><svg xmlns=\"https:\/\/www.w3.org\/2000\/svg\" viewbox=\"0 0 512 512\"><path d=\"M256 0C114.6 0 0 114.6 0 256c0 141.4 114.6 256 256 256s256-114.6 256-256C512 114.6 397.4 0 256 0zM406.6 278.6l-103.1 103.1c-12.5 12.5-32.75 12.5-45.25 0s-12.5-32.75 0-45.25L306.8 288H128C110.3 288 96 273.7 96 256s14.31-32 32-32h178.8l-49.38-49.38c-12.5-12.5-12.5-32.75 0-45.25s32.75-12.5 45.25 0l103.1 103.1C414.6 241.3 416 251.1 416 256C416 260.9 414.6 270.7 406.6 278.6z\"><\/path><\/svg><\/span><span class=\"uagb-icon-list__label\">Experienced guides<\/span><\/div>\n\n\n\n<div class=\"wp-block-uagb-icon-list-child uagb-block-cbe789be\"><span class=\"uagb-icon-list__source-wrap\"><svg xmlns=\"https:\/\/www.w3.org\/2000\/svg\" viewbox=\"0 0 512 512\"><path d=\"M256 0C114.6 0 0 114.6 0 256c0 141.4 114.6 256 256 256s256-114.6 256-256C512 114.6 397.4 0 256 0zM406.6 278.6l-103.1 103.1c-12.5 12.5-32.75 12.5-45.25 0s-12.5-32.75 0-45.25L306.8 288H128C110.3 288 96 273.7 96 256s14.31-32 32-32h178.8l-49.38-49.38c-12.5-12.5-12.5-32.75 0-45.25s32.75-12.5 45.25 0l103.1 103.1C414.6 241.3 416 251.1 416 256C416 260.9 414.6 270.7 406.6 278.6z\"><\/path><\/svg><\/span><span class=\"uagb-icon-list__label\">Local knowledge<\/span><\/div>\n\n\n\n<div class=\"wp-block-uagb-icon-list-child uagb-block-e7252992\"><span class=\"uagb-icon-list__source-wrap\"><svg xmlns=\"https:\/\/www.w3.org\/2000\/svg\" viewbox=\"0 0 512 512\"><path d=\"M256 0C114.6 0 0 114.6 0 256c0 141.4 114.6 256 256 256s256-114.6 256-256C512 114.6 397.4 0 256 0zM406.6 278.6l-103.1 103.1c-12.5 12.5-32.75 12.5-45.25 0s-12.5-32.75 0-45.25L306.8 288H128C110.3 288 96 273.7 96 256s14.31-32 32-32h178.8l-49.38-49.38c-12.5-12.5-12.5-32.75 0-45.25s32.75-12.5 45.25 0l103.1 103.1C414.6 241.3 416 251.1 416 256C416 260.9 414.6 270.7 406.6 278.6z\"><\/path><\/svg><\/span><span class=\"uagb-icon-list__label\">Safety and quality<\/span><\/div>\n\n\n\n<div class=\"wp-block-uagb-icon-list-child uagb-block-3b41dd2b\"><span class=\"uagb-icon-list__source-wrap\"><svg xmlns=\"https:\/\/www.w3.org\/2000\/svg\" viewbox=\"0 0 512 512\"><path d=\"M256 0C114.6 0 0 114.6 0 256c0 141.4 114.6 256 256 256s256-114.6 256-256C512 114.6 397.4 0 256 0zM406.6 278.6l-103.1 103.1c-12.5 12.5-32.75 12.5-45.25 0s-12.5-32.75 0-45.25L306.8 288H128C110.3 288 96 273.7 96 256s14.31-32 32-32h178.8l-49.38-49.38c-12.5-12.5-12.5-32.75 0-45.25s32.75-12.5 45.25 0l103.1 103.1C414.6 241.3 416 251.1 416 256C416 260.9 414.6 270.7 406.6 278.6z\"><\/path><\/svg><\/span><span class=\"uagb-icon-list__label\">Adventures for all levels<\/span><\/div>\n\n\n\n<div class=\"wp-block-uagb-icon-list-child uagb-block-b575a6e2\"><span class=\"uagb-icon-list__source-wrap\"><svg xmlns=\"https:\/\/www.w3.org\/2000\/svg\" viewbox=\"0 0 512 512\"><path d=\"M256 0C114.6 0 0 114.6 0 256c0 141.4 114.6 256 256 256s256-114.6 256-256C512 114.6 397.4 0 256 0zM406.6 278.6l-103.1 103.1c-12.5 12.5-32.75 12.5-45.25 0s-12.5-32.75 0-45.25L306.8 288H128C110.3 288 96 273.7 96 256s14.31-32 32-32h178.8l-49.38-49.38c-12.5-12.5-12.5-32.75 0-45.25s32.75-12.5 45.25 0l103.1 103.1C414.6 241.3 416 251.1 416 256C416 260.9 414.6 270.7 406.6 278.6z\"><\/path><\/svg><\/span><span class=\"uagb-icon-list__label\">All guides speak English<\/span><\/div>\n<\/div><\/div>\n<\/div>\n<\/div>\n<\/div><\/div>\n\n\n\n<div class=\"wp-block-uagb-container uagb-block-0d4c4cac alignfull uagb-is-root-container\"><div class=\"uagb-container-inner-blocks-wrap\">\n<div class=\"wp-block-uagb-container uagb-block-d9e8ac08 default uagb-is-root-container\">\n<div class=\"wp-block-uagb-info-box uagb-block-81b221ee uagb-infobox__content-wrap  uagb-infobox-icon-above-title uagb-infobox-image-valign-top\"><div class=\"uagb-ifb-content\"><div class=\"uagb-ifb-title-wrap\"><span class=\"uagb-ifb-title-prefix\">Get inspired<\/span><h3 class=\"uagb-ifb-title\">Take the first step toward your next adventure in Istanbul and book your spot today!<\/h3><\/div><\/div><\/div>\n\n\n\n<div class=\"wp-block-uagb-buttons uagb-buttons__outer-wrap uagb-btn__default-btn uagb-btn-tablet__default-btn uagb-btn-mobile__default-btn uagb-block-a954ba68\"><div class=\"uagb-buttons__wrap uagb-buttons-layout-wrap\">\n<div class=\"wp-block-uagb-buttons-child uagb-buttons__outer-wrap uagb-block-dfff009f wp-block-button\"><div class=\"uagb-button__wrapper\"><a class=\"uagb-buttons-repeater wp-block-button__link\" aria-label=\"\" href=\"https:\/\/www.callfromistanbul.com\/en\/kontakt\/\" rel=\"follow noopener\" target=\"_self\" role=\"button\"><div class=\"uagb-button__link\">Book now <\/div><\/a><\/div><\/div>\n<\/div><\/div>\n\n\n\n<div class=\"wp-block-uagb-advanced-heading uagb-block-caf4386c\"><div class=\"uagb-heading-text\">Call us at:<\/div><\/div>\n\n\n\n<div class=\"wp-block-uagb-advanced-heading uagb-block-95575272\"><h3 class=\"uagb-heading-text\">WhatsApp +46720665588<\/h3><\/div>\n<\/div>\n<\/div><\/div>","protected":false},"excerpt":{"rendered":"<p>P\u00e5 min fritid samlas jag g\u00e4rna med v\u00e4nner \u00f6ver en kopp kaffe d\u00e4r vi delar samtal och skratt. De stunder [&hellip;]<\/p>\n","protected":false},"author":1,"featured_media":0,"parent":0,"menu_order":0,"comment_status":"closed","ping_status":"closed","template":"","meta":{"_uag_custom_page_level_css":"","_monsterinsights_skip_tracking":false,"_monsterinsights_sitenote_active":false,"_monsterinsights_sitenote_note":"","_monsterinsights_sitenote_category":0,"site-sidebar-layout":"no-sidebar","site-content-layout":"plain-container","ast-site-content-layout":"full-width-container","site-content-style":"unboxed","site-sidebar-style":"unboxed","ast-global-header-display":"","ast-banner-title-visibility":"","ast-main-header-display":"","ast-hfb-above-header-display":"","ast-hfb-below-header-display":"","ast-hfb-mobile-header-display":"","site-post-title":"disabled","ast-breadcrumbs-content":"","ast-featured-img":"","footer-sml-layout":"","theme-transparent-header-meta":"default","adv-header-id-meta":"","stick-header-meta":"","header-above-stick-meta":"","header-main-stick-meta":"","header-below-stick-meta":"","astra-migrate-meta-layouts":"set","ast-page-background-enabled":"default","ast-page-background-meta":{"desktop":{"background-color":"var(--ast-global-color-4)","background-image":"","background-repeat":"repeat","background-position":"center center","background-size":"auto","background-attachment":"scroll","background-type":"","background-media":"","overlay-type":"","overlay-color":"","overlay-opacity":"","overlay-gradient":""},"tablet":{"background-color":"","background-image":"","background-repeat":"repeat","background-position":"center center","background-size":"auto","background-attachment":"scroll","background-type":"","background-media":"","overlay-type":"","overlay-color":"","overlay-opacity":"","overlay-gradient":""},"mobile":{"background-color":"","background-image":"","background-repeat":"repeat","background-position":"center center","background-size":"auto","background-attachment":"scroll","background-type":"","background-media":"","overlay-type":"","overlay-color":"","overlay-opacity":"","overlay-gradient":""}},"ast-content-background-meta":{"desktop":{"background-color":"var(--ast-global-color-5)","background-image":"","background-repeat":"repeat","background-position":"center center","background-size":"auto","background-attachment":"scroll","background-type":"","background-media":"","overlay-type":"","overlay-color":"","overlay-opacity":"","overlay-gradient":""},"tablet":{"background-color":"var(--ast-global-color-5)","background-image":"","background-repeat":"repeat","background-position":"center center","background-size":"auto","background-attachment":"scroll","background-type":"","background-media":"","overlay-type":"","overlay-color":"","overlay-opacity":"","overlay-gradient":""},"mobile":{"background-color":"var(--ast-global-color-5)","background-image":"","background-repeat":"repeat","background-position":"center center","background-size":"auto","background-attachment":"scroll","background-type":"","background-media":"","overlay-type":"","overlay-color":"","overlay-opacity":"","overlay-gradient":""}},"footnotes":""},"class_list":["post-766","page","type-page","status-publish","hentry"],"yoast_head":"<!-- This site is optimized with the Yoast SEO plugin v27.5 - https:\/\/yoast.com\/product\/yoast-seo-wordpress\/ -->\n<title>Om oss - CallFromIstanbul<\/title>\n<meta name=\"robots\" content=\"index, follow, max-snippet:-1, max-image-preview:large, max-video-preview:-1\" \/>\n<link rel=\"canonical\" href=\"https:\/\/www.callfromistanbul.com\/en\/about\/\" \/>\n<meta property=\"og:locale\" content=\"en_GB\" \/>\n<meta property=\"og:type\" content=\"article\" \/>\n<meta property=\"og:title\" content=\"Om oss - CallFromIstanbul\" \/>\n<meta property=\"og:description\" content=\"P\u00e5 min fritid samlas jag g\u00e4rna med v\u00e4nner \u00f6ver en kopp kaffe d\u00e4r vi delar samtal och skratt. De stunder [&hellip;]\" \/>\n<meta property=\"og:url\" content=\"https:\/\/www.callfromistanbul.com\/en\/about\/\" \/>\n<meta property=\"og:site_name\" content=\"CallFromIstanbul\" \/>\n<meta property=\"article:modified_time\" content=\"2025-10-12T10:08:48+00:00\" \/>\n<meta property=\"og:image\" content=\"https:\/\/www.callfromistanbul.com\/wp-content\/uploads\/2025\/07\/IMAG3019.jpg\" \/>\n\t<meta property=\"og:image:width\" content=\"2560\" \/>\n\t<meta property=\"og:image:height\" content=\"2425\" \/>\n\t<meta property=\"og:image:type\" content=\"image\/jpeg\" \/>\n<meta name=\"twitter:card\" content=\"summary_large_image\" \/>\n<meta name=\"twitter:label1\" content=\"Estimated reading time\" \/>\n\t<meta name=\"twitter:data1\" content=\"2 minutes\" \/>\n<script type=\"application\/ld+json\" class=\"yoast-schema-graph\">{\"@context\":\"https:\\\/\\\/schema.org\",\"@graph\":[{\"@type\":\"WebPage\",\"@id\":\"https:\\\/\\\/www.callfromistanbul.com\\\/about\\\/\",\"url\":\"https:\\\/\\\/www.callfromistanbul.com\\\/about\\\/\",\"name\":\"Om oss - CallFromIstanbul\",\"isPartOf\":{\"@id\":\"https:\\\/\\\/www.callfromistanbul.com\\\/#website\"},\"primaryImageOfPage\":{\"@id\":\"https:\\\/\\\/www.callfromistanbul.com\\\/about\\\/#primaryimage\"},\"image\":{\"@id\":\"https:\\\/\\\/www.callfromistanbul.com\\\/about\\\/#primaryimage\"},\"thumbnailUrl\":\"https:\\\/\\\/www.callfromistanbul.com\\\/wp-content\\\/uploads\\\/2025\\\/07\\\/IMAG3019-1024x970.jpg\",\"datePublished\":\"2025-02-16T11:52:21+00:00\",\"dateModified\":\"2025-10-12T10:08:48+00:00\",\"breadcrumb\":{\"@id\":\"https:\\\/\\\/www.callfromistanbul.com\\\/about\\\/#breadcrumb\"},\"inLanguage\":\"en-GB\",\"potentialAction\":[{\"@type\":\"ReadAction\",\"target\":[\"https:\\\/\\\/www.callfromistanbul.com\\\/about\\\/\"]}]},{\"@type\":\"ImageObject\",\"inLanguage\":\"en-GB\",\"@id\":\"https:\\\/\\\/www.callfromistanbul.com\\\/about\\\/#primaryimage\",\"url\":\"https:\\\/\\\/www.callfromistanbul.com\\\/wp-content\\\/uploads\\\/2025\\\/07\\\/IMAG3019-1024x970.jpg\",\"contentUrl\":\"https:\\\/\\\/www.callfromistanbul.com\\\/wp-content\\\/uploads\\\/2025\\\/07\\\/IMAG3019-1024x970.jpg\"},{\"@type\":\"BreadcrumbList\",\"@id\":\"https:\\\/\\\/www.callfromistanbul.com\\\/about\\\/#breadcrumb\",\"itemListElement\":[{\"@type\":\"ListItem\",\"position\":1,\"name\":\"Hem\",\"item\":\"https:\\\/\\\/www.callfromistanbul.com\\\/\"},{\"@type\":\"ListItem\",\"position\":2,\"name\":\"Om oss\"}]},{\"@type\":\"WebSite\",\"@id\":\"https:\\\/\\\/www.callfromistanbul.com\\\/#website\",\"url\":\"https:\\\/\\\/www.callfromistanbul.com\\\/\",\"name\":\"CallFromIstanbul\",\"description\":\"\",\"potentialAction\":[{\"@type\":\"SearchAction\",\"target\":{\"@type\":\"EntryPoint\",\"urlTemplate\":\"https:\\\/\\\/www.callfromistanbul.com\\\/?s={search_term_string}\"},\"query-input\":{\"@type\":\"PropertyValueSpecification\",\"valueRequired\":true,\"valueName\":\"search_term_string\"}}],\"inLanguage\":\"en-GB\"}]}<\/script>\n<!-- \/ Yoast SEO plugin. -->","yoast_head_json":{"title":"Om oss - CallFromIstanbul","robots":{"index":"index","follow":"follow","max-snippet":"max-snippet:-1","max-image-preview":"max-image-preview:large","max-video-preview":"max-video-preview:-1"},"canonical":"https:\/\/www.callfromistanbul.com\/en\/about\/","og_locale":"en_GB","og_type":"article","og_title":"Om oss - CallFromIstanbul","og_description":"P\u00e5 min fritid samlas jag g\u00e4rna med v\u00e4nner \u00f6ver en kopp kaffe d\u00e4r vi delar samtal och skratt. De stunder [&hellip;]","og_url":"https:\/\/www.callfromistanbul.com\/en\/about\/","og_site_name":"CallFromIstanbul","article_modified_time":"2025-10-12T10:08:48+00:00","og_image":[{"width":2560,"height":2425,"url":"https:\/\/www.callfromistanbul.com\/wp-content\/uploads\/2025\/07\/IMAG3019.jpg","type":"image\/jpeg"}],"twitter_card":"summary_large_image","twitter_misc":{"Estimated reading time":"2 minutes"},"schema":{"@context":"https:\/\/schema.org","@graph":[{"@type":"WebPage","@id":"https:\/\/www.callfromistanbul.com\/about\/","url":"https:\/\/www.callfromistanbul.com\/about\/","name":"Om oss - CallFromIstanbul","isPartOf":{"@id":"https:\/\/www.callfromistanbul.com\/#website"},"primaryImageOfPage":{"@id":"https:\/\/www.callfromistanbul.com\/about\/#primaryimage"},"image":{"@id":"https:\/\/www.callfromistanbul.com\/about\/#primaryimage"},"thumbnailUrl":"https:\/\/www.callfromistanbul.com\/wp-content\/uploads\/2025\/07\/IMAG3019-1024x970.jpg","datePublished":"2025-02-16T11:52:21+00:00","dateModified":"2025-10-12T10:08:48+00:00","breadcrumb":{"@id":"https:\/\/www.callfromistanbul.com\/about\/#breadcrumb"},"inLanguage":"en-GB","potentialAction":[{"@type":"ReadAction","target":["https:\/\/www.callfromistanbul.com\/about\/"]}]},{"@type":"ImageObject","inLanguage":"en-GB","@id":"https:\/\/www.callfromistanbul.com\/about\/#primaryimage","url":"https:\/\/www.callfromistanbul.com\/wp-content\/uploads\/2025\/07\/IMAG3019-1024x970.jpg","contentUrl":"https:\/\/www.callfromistanbul.com\/wp-content\/uploads\/2025\/07\/IMAG3019-1024x970.jpg"},{"@type":"BreadcrumbList","@id":"https:\/\/www.callfromistanbul.com\/about\/#breadcrumb","itemListElement":[{"@type":"ListItem","position":1,"name":"Hem","item":"https:\/\/www.callfromistanbul.com\/"},{"@type":"ListItem","position":2,"name":"Om oss"}]},{"@type":"WebSite","@id":"https:\/\/www.callfromistanbul.com\/#website","url":"https:\/\/www.callfromistanbul.com\/","name":"CallFromIstanbul","description":"","potentialAction":[{"@type":"SearchAction","target":{"@type":"EntryPoint","urlTemplate":"https:\/\/www.callfromistanbul.com\/?s={search_term_string}"},"query-input":{"@type":"PropertyValueSpecification","valueRequired":true,"valueName":"search_term_string"}}],"inLanguage":"en-GB"}]}},"uagb_featured_image_src":{"full":false,"thumbnail":false,"medium":false,"medium_large":false,"large":false,"1536x1536":false,"2048x2048":false,"trp-custom-language-flag":false},"uagb_author_info":{"display_name":"admin","author_link":"https:\/\/www.callfromistanbul.com\/en\/author\/admin\/"},"uagb_comment_info":0,"uagb_excerpt":"P\u00e5 min fritid samlas jag g\u00e4rna med v\u00e4nner \u00f6ver en kopp kaffe d\u00e4r vi delar samtal och skratt. De stunder [&hellip;]","jetpack_sharing_enabled":true,"jetpack_likes_enabled":true,"_links":{"self":[{"href":"https:\/\/www.callfromistanbul.com\/en\/wp-json\/wp\/v2\/pages\/766","targetHints":{"allow":["GET"]}}],"collection":[{"href":"https:\/\/www.callfromistanbul.com\/en\/wp-json\/wp\/v2\/pages"}],"about":[{"href":"https:\/\/www.callfromistanbul.com\/en\/wp-json\/wp\/v2\/types\/page"}],"author":[{"embeddable":true,"href":"https:\/\/www.callfromistanbul.com\/en\/wp-json\/wp\/v2\/users\/1"}],"replies":[{"embeddable":true,"href":"https:\/\/www.callfromistanbul.com\/en\/wp-json\/wp\/v2\/comments?post=766"}],"version-history":[{"count":62,"href":"https:\/\/www.callfromistanbul.com\/en\/wp-json\/wp\/v2\/pages\/766\/revisions"}],"predecessor-version":[{"id":1727,"href":"https:\/\/www.callfromistanbul.com\/en\/wp-json\/wp\/v2\/pages\/766\/revisions\/1727"}],"wp:attachment":[{"href":"https:\/\/www.callfromistanbul.com\/en\/wp-json\/wp\/v2\/media?parent=766"}],"curies":[{"name":"wp","href":"https:\/\/api.w.org\/{rel}","templated":true}]}}