{"id":764,"date":"2025-02-16T12:52:21","date_gmt":"2025-02-16T11:52:21","guid":{"rendered":"https:\/\/www.callfromistanbul.com\/index.php\/home\/"},"modified":"2025-08-02T09:55:13","modified_gmt":"2025-08-02T07:55:13","slug":"home","status":"publish","type":"page","link":"https:\/\/www.callfromistanbul.com\/en\/","title":{"rendered":"Home"},"content":{"rendered":"<div class=\"wp-block-uagb-container uagb-block-fe33956c alignfull uagb-is-root-container\"><div class=\"uagb-container-inner-blocks-wrap\">\n<div class=\"wp-block-uagb-container uagb-block-a0e04aa9\">\n<div class=\"wp-block-uagb-info-box uagb-block-a34fb5c1 uagb-infobox__content-wrap  uagb-infobox-icon-above-title uagb-infobox-image-valign-top\"><div class=\"uagb-ifb-content\"><div class=\"uagb-ifb-title-wrap\"><h1 class=\"uagb-ifb-title\">Istanbul \u2013 The City of Cats<\/h1><\/div><p class=\"uagb-ifb-desc\">Welcome to Istanbul. We offer personalized and memorable tours with local guides who provide you with the keys to the city\u2019s soul, its history, culture, food, and magic at every step.<\/p><\/div><\/div>\n<\/div>\n\n\n\n<div class=\"wp-block-uagb-container uagb-block-51fab4c3\">\n<figure class=\"wp-block-image size-full\"><img loading=\"lazy\" decoding=\"async\" width=\"1280\" height=\"853\" src=\"https:\/\/www.callfromistanbul.com\/wp-content\/uploads\/2025\/07\/gcc96fa224fbe37db0e03ae2d6a6841d6f5b3c10346277fe92de23fd3ff8b21660959fbfe24e03ad92e88ac4cfb7db33adbcc163066947b3d7dec76b7ea4610cd_1280-4813099.jpg\" alt=\"cat, pet, feline, animal, nature, fur, sleeping, kitty, domestic cat, cat portrait\" class=\"wp-image-1554\" style=\"aspect-ratio:2\/3;object-fit:cover\" srcset=\"https:\/\/www.callfromistanbul.com\/wp-content\/uploads\/2025\/07\/gcc96fa224fbe37db0e03ae2d6a6841d6f5b3c10346277fe92de23fd3ff8b21660959fbfe24e03ad92e88ac4cfb7db33adbcc163066947b3d7dec76b7ea4610cd_1280-4813099.jpg 1280w, https:\/\/www.callfromistanbul.com\/wp-content\/uploads\/2025\/07\/gcc96fa224fbe37db0e03ae2d6a6841d6f5b3c10346277fe92de23fd3ff8b21660959fbfe24e03ad92e88ac4cfb7db33adbcc163066947b3d7dec76b7ea4610cd_1280-4813099-300x200.jpg 300w, https:\/\/www.callfromistanbul.com\/wp-content\/uploads\/2025\/07\/gcc96fa224fbe37db0e03ae2d6a6841d6f5b3c10346277fe92de23fd3ff8b21660959fbfe24e03ad92e88ac4cfb7db33adbcc163066947b3d7dec76b7ea4610cd_1280-4813099-1024x682.jpg 1024w, https:\/\/www.callfromistanbul.com\/wp-content\/uploads\/2025\/07\/gcc96fa224fbe37db0e03ae2d6a6841d6f5b3c10346277fe92de23fd3ff8b21660959fbfe24e03ad92e88ac4cfb7db33adbcc163066947b3d7dec76b7ea4610cd_1280-4813099-768x512.jpg 768w\" sizes=\"auto, (max-width: 1280px) 100vw, 1280px\" \/><\/figure>\n<\/div>\n\n\n\n<div class=\"wp-block-uagb-container uagb-block-d6e1d630\">\n<div class=\"wp-block-cover alignwide is-light has-aspect-ratio\" style=\"margin-top:0;margin-bottom:0;padding-top:0;padding-bottom:0;aspect-ratio:2\/3;min-height:unset;\"><img loading=\"lazy\" decoding=\"async\" width=\"1707\" height=\"2560\" class=\"wp-block-cover__image-background wp-image-1635 size-full\" alt=\"A minimalist mockup of beige paper on a sunlit wall, perfect for design presentations.\" src=\"https:\/\/www.callfromistanbul.com\/wp-content\/uploads\/2025\/07\/pexels-photo-8533218-8533218.jpg\" style=\"object-position:5% 2%\" data-object-fit=\"cover\" data-object-position=\"5% 2%\" srcset=\"https:\/\/www.callfromistanbul.com\/wp-content\/uploads\/2025\/07\/pexels-photo-8533218-8533218.jpg 1707w, https:\/\/www.callfromistanbul.com\/wp-content\/uploads\/2025\/07\/pexels-photo-8533218-8533218-200x300.jpg 200w, https:\/\/www.callfromistanbul.com\/wp-content\/uploads\/2025\/07\/pexels-photo-8533218-8533218-683x1024.jpg 683w, https:\/\/www.callfromistanbul.com\/wp-content\/uploads\/2025\/07\/pexels-photo-8533218-8533218-768x1152.jpg 768w, https:\/\/www.callfromistanbul.com\/wp-content\/uploads\/2025\/07\/pexels-photo-8533218-8533218-1024x1536.jpg 1024w, https:\/\/www.callfromistanbul.com\/wp-content\/uploads\/2025\/07\/pexels-photo-8533218-8533218-1366x2048.jpg 1366w\" sizes=\"auto, (max-width: 1707px) 100vw, 1707px\" \/><span aria-hidden=\"true\" class=\"wp-block-cover__background has-background-dim\" style=\"background-color:#c3b4a2\"><\/span><div class=\"wp-block-cover__inner-container is-layout-constrained wp-block-cover-is-layout-constrained\">\n<p class=\"has-text-align-center has-ast-global-color-5-color has-text-color has-link-color has-medium-font-size wp-elements-c4bcba00d4a1458dda2af0624a3190d1\" style=\"border-style:none;border-width:0px;margin-top:0;margin-right:0;margin-bottom:0;margin-left:0;padding-top:var(--wp--preset--spacing--40);padding-right:var(--wp--preset--spacing--80);padding-bottom:var(--wp--preset--spacing--40);padding-left:var(--wp--preset--spacing--80)\"><em>All guides speak English<\/em><\/p>\n<\/div><\/div>\n<\/div>\n<\/div><\/div>\n\n\n\n<div class=\"wp-block-uagb-container uagb-block-d5f10034 alignfull uagb-is-root-container\"><div class=\"uagb-container-inner-blocks-wrap\">\n<div class=\"wp-block-uagb-info-box uagb-block-09f44e8d uagb-infobox__content-wrap  uagb-infobox-icon-above-title uagb-infobox-image-valign-top\"><div class=\"uagb-ifb-content\"><div class=\"uagb-ifb-title-wrap\"><h2 class=\"uagb-ifb-title\">Explore Istanbul's unique history, vibrant food culture and magical bazaars<\/h2><\/div><\/div><\/div>\n\n\n\n<div class=\"wp-block-uagb-container uagb-block-c80ba8af default uagb-is-root-container\">\n<div class=\"wp-block-uagb-container uagb-block-99cf6a1c\">\n<div class=\"wp-block-uagb-advanced-heading uagb-block-7f38be20\"><h3 class=\"uagb-heading-text\">Personalized tours<\/h3><div class=\"uagb-separator\"><\/div><p class=\"uagb-desc-text\">Every group is unique, which is why we design tours tailored to your specific interests. Culture, food, shopping or history, you choose and we guide.<\/p><\/div>\n<\/div>\n\n\n\n<div class=\"wp-block-uagb-container uagb-block-81e7bf73\">\n<div class=\"wp-block-uagb-advanced-heading uagb-block-49a5ea2b\"><h3 class=\"uagb-heading-text\">Unforgettable memories<\/h3><div class=\"uagb-separator\"><\/div><p class=\"uagb-desc-text\">Join us on a journey through the soul of the city and create lifelong memories filled with joy new insights and unforgettable experiences.<\/p><\/div>\n<\/div>\n\n\n\n<div class=\"wp-block-uagb-container uagb-block-98d893bb\">\n<div class=\"wp-block-uagb-advanced-heading uagb-block-07b55cab\"><h3 class=\"uagb-heading-text\">Local expert guides<\/h3><div class=\"uagb-separator\"><\/div><p class=\"uagb-desc-text\">Our guides know Istanbul inside and out. With their personal stories and insider knowledge, they\u2019ll show you the city\u2019s hidden gems and authentic cultural experiences.<\/p><\/div>\n<\/div>\n<\/div>\n<\/div><\/div>\n\n\n\n<div class=\"wp-block-uagb-container uagb-block-91f38dd4 alignfull uagb-is-root-container\"><div class=\"uagb-container-inner-blocks-wrap\">\n<div class=\"wp-block-uagb-info-box uagb-block-3c22c815 uagb-infobox__content-wrap  uagb-infobox-icon-above-title uagb-infobox-image-valign-top\"><div class=\"uagb-ifb-content\"><div class=\"uagb-ifb-title-wrap\"><h3 class=\"uagb-ifb-title\">Plan your trip with ease<\/h3><\/div><p class=\"uagb-ifb-desc\">We help you with everything from smooth transportation to practical details so you can focus on enjoying your time in Istanbul. Whether it is airport transfers, local transport or personal requests, we make your trip simple and worry free.<\/p><\/div><\/div>\n<\/div><\/div>\n\n\n\n<div class=\"wp-block-uagb-container uagb-block-3b21870e alignfull uagb-is-root-container\"><div class=\"uagb-container-inner-blocks-wrap\">\n<div class=\"wp-block-uagb-container uagb-block-d797de59 default uagb-is-root-container\">\n<div class=\"wp-block-uagb-container uagb-block-cbdce8a8\">\n<div class=\"wp-block-uagb-info-box uagb-block-31041a7c uagb-infobox__content-wrap  uagb-infobox-icon-above-title uagb-infobox-image-valign-top\"><div class=\"uagb-ifb-content\"><div class=\"uagb-ifb-title-wrap\"><h2 class=\"uagb-ifb-title\">Comprehensive guided tours in Istanbul<\/h2><\/div><p class=\"uagb-ifb-desc\">Experience unique and personalized tours where Istanbul\u2019s vibrant culture, fascinating history, and flavorful culinary adventures come together.<\/p><\/div><\/div>\n\n\n\n<figure class=\"wp-block-image size-large\"><img loading=\"lazy\" decoding=\"async\" width=\"1024\" height=\"583\" src=\"https:\/\/www.callfromistanbul.com\/wp-content\/uploads\/2025\/02\/ferry-1024x583.jpg\" alt=\"\" class=\"wp-image-1057\" srcset=\"https:\/\/www.callfromistanbul.com\/wp-content\/uploads\/2025\/02\/ferry-1024x583.jpg 1024w, https:\/\/www.callfromistanbul.com\/wp-content\/uploads\/2025\/02\/ferry-300x171.jpg 300w, https:\/\/www.callfromistanbul.com\/wp-content\/uploads\/2025\/02\/ferry-768x437.jpg 768w, https:\/\/www.callfromistanbul.com\/wp-content\/uploads\/2025\/02\/ferry-1536x874.jpg 1536w, https:\/\/www.callfromistanbul.com\/wp-content\/uploads\/2025\/02\/ferry-2048x1166.jpg 2048w\" sizes=\"auto, (max-width: 1024px) 100vw, 1024px\" \/><\/figure>\n<\/div>\n\n\n\n<div class=\"wp-block-uagb-container uagb-block-3c44d76c\">\n<div class=\"wp-block-uagb-container uagb-block-e488d87c\">\n<div class=\"wp-block-uagb-advanced-heading uagb-block-4ef09f1d\"><h3 class=\"uagb-heading-text\">Culinary experiences<\/h3><p class=\"uagb-desc-text\">Taste Istanbul\u2019s gastronomic treasures with authentic Turkish dishes and street food that elevate your culinary journey.<\/p><\/div>\n<\/div>\n\n\n\n<div class=\"wp-block-uagb-container uagb-block-7c878b31\">\n<div class=\"wp-block-uagb-advanced-heading uagb-block-c3a12934\"><h3 class=\"uagb-heading-text\">Historical excursions<\/h3><p class=\"uagb-desc-text\">Join our guides to the city's most iconic landmarks and discover its fascinating history.<\/p><\/div>\n<\/div>\n\n\n\n<div class=\"wp-block-uagb-container uagb-block-d4bf4cab\">\n<div class=\"wp-block-uagb-advanced-heading uagb-block-ffd3108c\"><h3 class=\"uagb-heading-text\">Shopping tours<\/h3><\/div>\n\n\n\n<p>From the world\u2019s largest bazaar with a tradition of bargaining to exclusive shops in luxury districts, we show you the best shopping spots Istanbul has to offer..<\/p>\n<\/div>\n\n\n\n<div class=\"wp-block-uagb-container uagb-block-8c2e2074\">\n<div class=\"wp-block-uagb-advanced-heading uagb-block-c6899496\"><h3 class=\"uagb-heading-text\">Transport and logistics<\/h3><\/div>\n\n\n\n<p>Upon request, we arrange smooth and reliable airport transfers to make your journey as comfortable and easy as possible.<\/p>\n<\/div>\n<\/div>\n<\/div>\n<\/div><\/div>\n\n\n\n<div class=\"wp-block-uagb-container uagb-block-4b79aa7d alignfull uagb-is-root-container\"><div class=\"uagb-container-inner-blocks-wrap\"><\/div><\/div>\n\n\n\n<div class=\"wp-block-uagb-container uagb-block-0d4c4cac alignfull uagb-is-root-container\"><div class=\"uagb-container-inner-blocks-wrap\">\n<div class=\"wp-block-uagb-container uagb-block-d9e8ac08 default uagb-is-root-container\">\n<div class=\"wp-block-uagb-info-box uagb-block-81b221ee uagb-infobox__content-wrap  uagb-infobox-icon-above-title uagb-infobox-image-valign-top\"><div class=\"uagb-ifb-content\"><div class=\"uagb-ifb-title-wrap\"><span class=\"uagb-ifb-title-prefix\">Get inspired<\/span><h3 class=\"uagb-ifb-title\">Take the first step toward your next adventure in Istanbul and book your spot today!<\/h3><\/div><\/div><\/div>\n\n\n\n<div class=\"wp-block-uagb-buttons uagb-buttons__outer-wrap uagb-btn__default-btn uagb-btn-tablet__default-btn uagb-btn-mobile__default-btn uagb-block-a954ba68\"><div class=\"uagb-buttons__wrap uagb-buttons-layout-wrap\">\n<div class=\"wp-block-uagb-buttons-child uagb-buttons__outer-wrap uagb-block-dfff009f wp-block-button\"><div class=\"uagb-button__wrapper\"><a class=\"uagb-buttons-repeater wp-block-button__link\" aria-label=\"\" href=\"https:\/\/www.callfromistanbul.com\/en\/kontakt\/\" rel=\"follow noopener\" target=\"_self\" role=\"button\"><div class=\"uagb-button__link\">Book now <\/div><\/a><\/div><\/div>\n<\/div><\/div>\n\n\n\n<div class=\"wp-block-uagb-advanced-heading uagb-block-caf4386c\"><div class=\"uagb-heading-text\">Call us at:<\/div><\/div>\n\n\n\n<div class=\"wp-block-uagb-advanced-heading uagb-block-95575272\"><h3 class=\"uagb-heading-text\">WhatsApp +46720665588<\/h3><\/div>\n<\/div>\n<\/div><\/div>","protected":false},"excerpt":{"rendered":"<p>Skr\u00e4ddarsydda turer Varje grupp \u00e4r unik, d\u00e4rf\u00f6r utformar vi turerna efter just era intressen. Kultur, mat, shopping eller historia. Du [&hellip;]<\/p>\n","protected":false},"author":1,"featured_media":0,"parent":0,"menu_order":0,"comment_status":"closed","ping_status":"closed","template":"","meta":{"_uag_custom_page_level_css":"","_monsterinsights_skip_tracking":false,"_monsterinsights_sitenote_active":false,"_monsterinsights_sitenote_note":"","_monsterinsights_sitenote_category":0,"site-sidebar-layout":"no-sidebar","site-content-layout":"plain-container","ast-site-content-layout":"full-width-container","site-content-style":"unboxed","site-sidebar-style":"unboxed","ast-global-header-display":"","ast-banner-title-visibility":"","ast-main-header-display":"","ast-hfb-above-header-display":"","ast-hfb-below-header-display":"","ast-hfb-mobile-header-display":"","site-post-title":"disabled","ast-breadcrumbs-content":"","ast-featured-img":"","footer-sml-layout":"","theme-transparent-header-meta":"default","adv-header-id-meta":"","stick-header-meta":"","header-above-stick-meta":"","header-main-stick-meta":"","header-below-stick-meta":"","astra-migrate-meta-layouts":"set","ast-page-background-enabled":"default","ast-page-background-meta":{"desktop":{"background-color":"var(--ast-global-color-4)","background-image":"","background-repeat":"repeat","background-position":"center center","background-size":"auto","background-attachment":"scroll","background-type":"","background-media":"","overlay-type":"","overlay-color":"","overlay-opacity":"","overlay-gradient":""},"tablet":{"background-color":"","background-image":"","background-repeat":"repeat","background-position":"center center","background-size":"auto","background-attachment":"scroll","background-type":"","background-media":"","overlay-type":"","overlay-color":"","overlay-opacity":"","overlay-gradient":""},"mobile":{"background-color":"","background-image":"","background-repeat":"repeat","background-position":"center center","background-size":"auto","background-attachment":"scroll","background-type":"","background-media":"","overlay-type":"","overlay-color":"","overlay-opacity":"","overlay-gradient":""}},"ast-content-background-meta":{"desktop":{"background-color":"var(--ast-global-color-5)","background-image":"","background-repeat":"repeat","background-position":"center center","background-size":"auto","background-attachment":"scroll","background-type":"","background-media":"","overlay-type":"","overlay-color":"","overlay-opacity":"","overlay-gradient":""},"tablet":{"background-color":"var(--ast-global-color-5)","background-image":"","background-repeat":"repeat","background-position":"center center","background-size":"auto","background-attachment":"scroll","background-type":"","background-media":"","overlay-type":"","overlay-color":"","overlay-opacity":"","overlay-gradient":""},"mobile":{"background-color":"var(--ast-global-color-5)","background-image":"","background-repeat":"repeat","background-position":"center center","background-size":"auto","background-attachment":"scroll","background-type":"","background-media":"","overlay-type":"","overlay-color":"","overlay-opacity":"","overlay-gradient":""}},"footnotes":""},"class_list":["post-764","page","type-page","status-publish","hentry"],"yoast_head":"<!-- This site is optimized with the Yoast SEO plugin v27.5 - https:\/\/yoast.com\/product\/yoast-seo-wordpress\/ -->\n<title>Hem - CallFromIstanbul<\/title>\n<meta name=\"robots\" content=\"index, follow, max-snippet:-1, max-image-preview:large, max-video-preview:-1\" \/>\n<link rel=\"canonical\" href=\"https:\/\/www.callfromistanbul.com\/en\/\" \/>\n<meta property=\"og:locale\" content=\"en_GB\" \/>\n<meta property=\"og:type\" content=\"article\" \/>\n<meta property=\"og:title\" content=\"Hem - CallFromIstanbul\" \/>\n<meta property=\"og:description\" content=\"Skr\u00e4ddarsydda turer Varje grupp \u00e4r unik, d\u00e4rf\u00f6r utformar vi turerna efter just era intressen. Kultur, mat, shopping eller historia. Du [&hellip;]\" \/>\n<meta property=\"og:url\" content=\"https:\/\/www.callfromistanbul.com\/en\/\" \/>\n<meta property=\"og:site_name\" content=\"CallFromIstanbul\" \/>\n<meta property=\"article:modified_time\" content=\"2025-08-02T07:55:13+00:00\" \/>\n<meta property=\"og:image\" content=\"https:\/\/www.callfromistanbul.com\/wp-content\/uploads\/2025\/07\/gcc96fa224fbe37db0e03ae2d6a6841d6f5b3c10346277fe92de23fd3ff8b21660959fbfe24e03ad92e88ac4cfb7db33adbcc163066947b3d7dec76b7ea4610cd_1280-4813099.jpg\" \/>\n\t<meta property=\"og:image:width\" content=\"1280\" \/>\n\t<meta property=\"og:image:height\" content=\"853\" \/>\n\t<meta property=\"og:image:type\" content=\"image\/jpeg\" \/>\n<meta name=\"twitter:card\" content=\"summary_large_image\" \/>\n<meta name=\"twitter:label1\" content=\"Estimated reading time\" \/>\n\t<meta name=\"twitter:data1\" content=\"3 minutes\" \/>\n<script type=\"application\/ld+json\" class=\"yoast-schema-graph\">{\"@context\":\"https:\\\/\\\/schema.org\",\"@graph\":[{\"@type\":\"WebPage\",\"@id\":\"https:\\\/\\\/www.callfromistanbul.com\\\/\",\"url\":\"https:\\\/\\\/www.callfromistanbul.com\\\/\",\"name\":\"Hem - CallFromIstanbul\",\"isPartOf\":{\"@id\":\"https:\\\/\\\/www.callfromistanbul.com\\\/#website\"},\"primaryImageOfPage\":{\"@id\":\"https:\\\/\\\/www.callfromistanbul.com\\\/#primaryimage\"},\"image\":{\"@id\":\"https:\\\/\\\/www.callfromistanbul.com\\\/#primaryimage\"},\"thumbnailUrl\":\"https:\\\/\\\/www.callfromistanbul.com\\\/wp-content\\\/uploads\\\/2025\\\/07\\\/gcc96fa224fbe37db0e03ae2d6a6841d6f5b3c10346277fe92de23fd3ff8b21660959fbfe24e03ad92e88ac4cfb7db33adbcc163066947b3d7dec76b7ea4610cd_1280-4813099.jpg\",\"datePublished\":\"2025-02-16T11:52:21+00:00\",\"dateModified\":\"2025-08-02T07:55:13+00:00\",\"breadcrumb\":{\"@id\":\"https:\\\/\\\/www.callfromistanbul.com\\\/#breadcrumb\"},\"inLanguage\":\"en-GB\",\"potentialAction\":[{\"@type\":\"ReadAction\",\"target\":[\"https:\\\/\\\/www.callfromistanbul.com\\\/\"]}]},{\"@type\":\"ImageObject\",\"inLanguage\":\"en-GB\",\"@id\":\"https:\\\/\\\/www.callfromistanbul.com\\\/#primaryimage\",\"url\":\"https:\\\/\\\/www.callfromistanbul.com\\\/wp-content\\\/uploads\\\/2025\\\/07\\\/gcc96fa224fbe37db0e03ae2d6a6841d6f5b3c10346277fe92de23fd3ff8b21660959fbfe24e03ad92e88ac4cfb7db33adbcc163066947b3d7dec76b7ea4610cd_1280-4813099.jpg\",\"contentUrl\":\"https:\\\/\\\/www.callfromistanbul.com\\\/wp-content\\\/uploads\\\/2025\\\/07\\\/gcc96fa224fbe37db0e03ae2d6a6841d6f5b3c10346277fe92de23fd3ff8b21660959fbfe24e03ad92e88ac4cfb7db33adbcc163066947b3d7dec76b7ea4610cd_1280-4813099.jpg\"},{\"@type\":\"BreadcrumbList\",\"@id\":\"https:\\\/\\\/www.callfromistanbul.com\\\/#breadcrumb\",\"itemListElement\":[{\"@type\":\"ListItem\",\"position\":1,\"name\":\"Hem\",\"item\":\"https:\\\/\\\/www.callfromistanbul.com\\\/\"},{\"@type\":\"ListItem\",\"position\":2,\"name\":\"Hem\"}]},{\"@type\":\"WebSite\",\"@id\":\"https:\\\/\\\/www.callfromistanbul.com\\\/#website\",\"url\":\"https:\\\/\\\/www.callfromistanbul.com\\\/\",\"name\":\"CallFromIstanbul\",\"description\":\"\",\"potentialAction\":[{\"@type\":\"SearchAction\",\"target\":{\"@type\":\"EntryPoint\",\"urlTemplate\":\"https:\\\/\\\/www.callfromistanbul.com\\\/?s={search_term_string}\"},\"query-input\":{\"@type\":\"PropertyValueSpecification\",\"valueRequired\":true,\"valueName\":\"search_term_string\"}}],\"inLanguage\":\"en-GB\"}]}<\/script>\n<!-- \/ Yoast SEO plugin. -->","yoast_head_json":{"title":"Hem - CallFromIstanbul","robots":{"index":"index","follow":"follow","max-snippet":"max-snippet:-1","max-image-preview":"max-image-preview:large","max-video-preview":"max-video-preview:-1"},"canonical":"https:\/\/www.callfromistanbul.com\/en\/","og_locale":"en_GB","og_type":"article","og_title":"Hem - CallFromIstanbul","og_description":"Skr\u00e4ddarsydda turer Varje grupp \u00e4r unik, d\u00e4rf\u00f6r utformar vi turerna efter just era intressen. Kultur, mat, shopping eller historia. Du [&hellip;]","og_url":"https:\/\/www.callfromistanbul.com\/en\/","og_site_name":"CallFromIstanbul","article_modified_time":"2025-08-02T07:55:13+00:00","og_image":[{"width":1280,"height":853,"url":"https:\/\/www.callfromistanbul.com\/wp-content\/uploads\/2025\/07\/gcc96fa224fbe37db0e03ae2d6a6841d6f5b3c10346277fe92de23fd3ff8b21660959fbfe24e03ad92e88ac4cfb7db33adbcc163066947b3d7dec76b7ea4610cd_1280-4813099.jpg","type":"image\/jpeg"}],"twitter_card":"summary_large_image","twitter_misc":{"Estimated reading time":"3 minutes"},"schema":{"@context":"https:\/\/schema.org","@graph":[{"@type":"WebPage","@id":"https:\/\/www.callfromistanbul.com\/","url":"https:\/\/www.callfromistanbul.com\/","name":"Hem - CallFromIstanbul","isPartOf":{"@id":"https:\/\/www.callfromistanbul.com\/#website"},"primaryImageOfPage":{"@id":"https:\/\/www.callfromistanbul.com\/#primaryimage"},"image":{"@id":"https:\/\/www.callfromistanbul.com\/#primaryimage"},"thumbnailUrl":"https:\/\/www.callfromistanbul.com\/wp-content\/uploads\/2025\/07\/gcc96fa224fbe37db0e03ae2d6a6841d6f5b3c10346277fe92de23fd3ff8b21660959fbfe24e03ad92e88ac4cfb7db33adbcc163066947b3d7dec76b7ea4610cd_1280-4813099.jpg","datePublished":"2025-02-16T11:52:21+00:00","dateModified":"2025-08-02T07:55:13+00:00","breadcrumb":{"@id":"https:\/\/www.callfromistanbul.com\/#breadcrumb"},"inLanguage":"en-GB","potentialAction":[{"@type":"ReadAction","target":["https:\/\/www.callfromistanbul.com\/"]}]},{"@type":"ImageObject","inLanguage":"en-GB","@id":"https:\/\/www.callfromistanbul.com\/#primaryimage","url":"https:\/\/www.callfromistanbul.com\/wp-content\/uploads\/2025\/07\/gcc96fa224fbe37db0e03ae2d6a6841d6f5b3c10346277fe92de23fd3ff8b21660959fbfe24e03ad92e88ac4cfb7db33adbcc163066947b3d7dec76b7ea4610cd_1280-4813099.jpg","contentUrl":"https:\/\/www.callfromistanbul.com\/wp-content\/uploads\/2025\/07\/gcc96fa224fbe37db0e03ae2d6a6841d6f5b3c10346277fe92de23fd3ff8b21660959fbfe24e03ad92e88ac4cfb7db33adbcc163066947b3d7dec76b7ea4610cd_1280-4813099.jpg"},{"@type":"BreadcrumbList","@id":"https:\/\/www.callfromistanbul.com\/#breadcrumb","itemListElement":[{"@type":"ListItem","position":1,"name":"Hem","item":"https:\/\/www.callfromistanbul.com\/"},{"@type":"ListItem","position":2,"name":"Hem"}]},{"@type":"WebSite","@id":"https:\/\/www.callfromistanbul.com\/#website","url":"https:\/\/www.callfromistanbul.com\/","name":"CallFromIstanbul","description":"","potentialAction":[{"@type":"SearchAction","target":{"@type":"EntryPoint","urlTemplate":"https:\/\/www.callfromistanbul.com\/?s={search_term_string}"},"query-input":{"@type":"PropertyValueSpecification","valueRequired":true,"valueName":"search_term_string"}}],"inLanguage":"en-GB"}]}},"uagb_featured_image_src":{"full":false,"thumbnail":false,"medium":false,"medium_large":false,"large":false,"1536x1536":false,"2048x2048":false,"trp-custom-language-flag":false},"uagb_author_info":{"display_name":"admin","author_link":"https:\/\/www.callfromistanbul.com\/en\/author\/admin\/"},"uagb_comment_info":0,"uagb_excerpt":"Skr\u00e4ddarsydda turer Varje grupp \u00e4r unik, d\u00e4rf\u00f6r utformar vi turerna efter just era intressen. Kultur, mat, shopping eller historia. Du [&hellip;]","jetpack_sharing_enabled":true,"jetpack_likes_enabled":true,"_links":{"self":[{"href":"https:\/\/www.callfromistanbul.com\/en\/wp-json\/wp\/v2\/pages\/764","targetHints":{"allow":["GET"]}}],"collection":[{"href":"https:\/\/www.callfromistanbul.com\/en\/wp-json\/wp\/v2\/pages"}],"about":[{"href":"https:\/\/www.callfromistanbul.com\/en\/wp-json\/wp\/v2\/types\/page"}],"author":[{"embeddable":true,"href":"https:\/\/www.callfromistanbul.com\/en\/wp-json\/wp\/v2\/users\/1"}],"replies":[{"embeddable":true,"href":"https:\/\/www.callfromistanbul.com\/en\/wp-json\/wp\/v2\/comments?post=764"}],"version-history":[{"count":112,"href":"https:\/\/www.callfromistanbul.com\/en\/wp-json\/wp\/v2\/pages\/764\/revisions"}],"predecessor-version":[{"id":1697,"href":"https:\/\/www.callfromistanbul.com\/en\/wp-json\/wp\/v2\/pages\/764\/revisions\/1697"}],"wp:attachment":[{"href":"https:\/\/www.callfromistanbul.com\/en\/wp-json\/wp\/v2\/media?parent=764"}],"curies":[{"name":"wp","href":"https:\/\/api.w.org\/{rel}","templated":true}]}}